{"id":578,"date":"2020-08-04T10:45:38","date_gmt":"2020-08-04T08:45:38","guid":{"rendered":"http:\/\/soflowcom.loc\/?page_id=578"},"modified":"2026-04-07T11:51:27","modified_gmt":"2026-04-07T09:51:27","slug":"agb","status":"publish","type":"page","link":"https:\/\/www.soflow.com\/de\/agb\/","title":{"rendered":"AGB"},"content":{"rendered":"<h2 class=\"wp-block-heading\">Allgemeine Gesch\u00e4ftsbedingungen der SoFlow mobility GmbH<\/h2><p><\/p><h1 class=\"wp-block-heading\">1.&nbsp;&nbsp;&nbsp; &nbsp;<a>Geltungsbereich<\/a><\/h1><p>F\u00fcr alle Bestellungen \u00fcber unseren Online-Shop gelten die nachfolgenden AGB. Unser<br>Online-Shop richtet sich ausschlie\u00dflich an Verbraucher.<br>F\u00fcr Deutschland gilt: Verbraucher sind gem. \u00a7 13 BGB jede nat\u00fcrliche Person, die ein<br>Rechtsgesch\u00e4ft zu Zwecken abschlie\u00dft, die \u00fcberwiegend weder ihrer gewerblichen<br>noch ihrer selbst\u00e4ndigen beruflichen T\u00e4tigkeit zugerechnet werden k\u00f6nnen.<br>F\u00fcr \u00d6sterreich gilt: In den nachfolgenden Bedingungen ist unter &#8220;Verbraucher&#8221; der<br>&#8220;Konsument&#8221; im Sinne des Konsumententenschutzgesetzes (KSchG) zu verstehen.<br>F\u00fcr die Schweiz gilt: In den nachfolgenden Bedingungen ist unter &#8220;Verbraucher&#8221; der<br>&#8220;Konsument&#8221; nach schweizerischem Recht zu verstehen.<\/p><h1 class=\"wp-block-heading\"><a>2.\u00a0\u00a0\u00a0 <\/a>Vertragspartner, Vertragsschluss,<br>Korrekturm\u00f6glichkeiten<\/h1><p>Der Kaufvertrag kommt zustande mit SoFlow Mobility GmbH.<br>Mit Einstellung der Produkte in den Online-Shop geben wir ein verbindliches Angebot<br>zum Vertragsschluss \u00fcber diese Artikel ab. Sie k\u00f6nnen unsere Produkte zun\u00e4chst<br>unverbindlich in den Warenkorb legen und Ihre Eingaben vor Absenden Ihrer<br>verbindlichen Bestellung jederzeit korrigieren, indem Sie die hierf\u00fcr im Bestellablauf<br>vorgesehenen und erl\u00e4uterten Korrekturhilfen nutzen. Der Vertrag kommt zustande,<br>indem Sie durch Anklicken des Bestellbuttons das Angebot \u00fcber die im Warenkorb<br>enthaltenen Produkte annehmen. Unmittelbar nach dem Absenden der Bestellung<br>erhalten Sie noch einmal eine Best\u00e4tigung per E-Mail.<\/p><p><\/p><h1 class=\"wp-block-heading\"><a>3.\u00a0\u00a0\u00a0 Vertragssprache, Vertragstextspeicherung<\/a><\/h1><p>Die f\u00fcr den Vertragsschluss zur Verf\u00fcgung stehende(n) Sprache(n): Deutsch<br>Wir speichern den Vertragstext und senden Ihnen die Bestelldaten und unsere AGB in<br>Textform zu. Der Vertragstext ist aus Sicherheitsgr\u00fcnden nicht mehr \u00fcber das Internet<br>zug\u00e4nglich.<\/p><h1 class=\"wp-block-heading\"><a>4.\u00a0\u00a0\u00a0 Vertragsgegenstand<\/a><\/h1><p><strong>4.1 Produktbeschreibung<\/strong><br>Auf die Geltung der jeweiligen Produktbeschreibung als wesentlicher Bestandteil des<br>Vertrages wird hingewiesen.<br><\/p><p><strong>4.2 Produktbilder<\/strong><br>Unbeschadet Ihrer gesetzlichen Gew\u00e4hrleistungsrechte m\u00f6chten wir Sie auf die<br>nachfolgenden Besonderheiten hinweisen. Bei Unsicherheiten setzen Sie sich bitte mit<br>uns in Verbindung:<br><br>Aufgrund individueller Bildschirmkonfigurationen (z.B. Aufl\u00f6sung und Helligkeit) sind<br>geringf\u00fcgige Abweichungen zwischen den dargestellten und den tats\u00e4chlichen<br>Produktfarben m\u00f6glich.<\/p><h1 class=\"wp-block-heading\"><a>5.\u00a0\u00a0\u00a0 Lieferbedingungen<\/a><\/h1><p><strong>5.1 Liefergebiet<\/strong><br>Wir liefern innerhalb Deutschlands, \u00d6sterreichs und der Schweiz.<br><\/p><p><strong>5.2 Versandkosten<\/strong><br>Der Standardversand erfolgt versandkostenfrei ab einem Bestellwert in H\u00f6he von<br>100\u20ac Euro inkl. MwSt. f\u00fcr Kunden mit Sitz in Deutschland und \u00d6sterreich<br>100CHF CHF inkl. MwSt. f\u00fcr Kunden mit Sitz in der Schweiz.<br><\/p><p><strong>5.3 Lieferoptionen<\/strong><br>Wir versenden die Produkte an die im Bestellprozess angegebene Lieferadresse.<br>Wir liefern nur im Versandweg. Eine Selbstabholung der Ware ist leider nicht m\u00f6glich.<br>Wir liefern nicht an Packstationen.<br><\/p><p><strong>5.4 Lieferung per Spedition<\/strong><br>Terminvereinbarung<br>Bei Speditionslieferungen setzt sich das von uns beauftragte Speditionsunternehmen<br>zum Zwecke der Vereinbarung eines Liefertermins mit Ihnen in Verbindung.<br><\/p><p><strong>Lieferort<\/strong><br>Die Lieferung der Ware ersch\u00f6pft sich in dem Transport und dem Entladen der Ware an<br>den ersten \u00f6ffentlichen Bordstein der vereinbarten Lieferanschrift. Die Lieferung<br>beinhaltet nicht die Lieferung in bestimmten R\u00e4umlichkeiten oder die Montage<br>und\/oder die Installation der bestellten Waren, sofern nichts anderes ausdr\u00fccklich<br>vereinbart ist.<\/p><h1 class=\"wp-block-heading\"><a>6.\u00a0\u00a0\u00a0 Bezahlung<\/a><\/h1><p><strong>6.1 Preise<\/strong><br>Es gelten die zum Zeitpunkt der Bestellung angegebenen Preise. Diese sind<br>Gesamtpreise und enthalten die gesetzliche Mehrwertsteuer.<br><\/p><p><strong>6.2 Zahlungsarten<\/strong><br>In unserem Shop stehen Ihnen grunds\u00e4tzlich die nachfolgenden Zahlungsarten zur<br>Verf\u00fcgung.<br><\/p><p><strong>Kreditkarte<\/strong><br>Im Bestellprozess geben Sie Ihre Kreditkartendaten an. Ihre Karte wird unmittelbar<br>nach Abgabe der Bestellung belastet.<br><\/p><p><strong>PayPal<\/strong><br>Um den Rechnungsbetrag \u00fcber den Zahlungsdienstleister PayPal (Europe) S.\u00e0 r.l. et<br>Cie, S.C.A, 22-24 Boulevard Royal, L-2449 Luxembourg (\u201ePayPal\u201c) bezahlen zu k\u00f6nnen,<br>m\u00fcssen Sie bei PayPal registriert sein, sich mit Ihren Zugangsdaten legitimieren und<br>die Zahlungsanweisung best\u00e4tigen. Die Zahlungstransaktion wird durch PayPal<br>unmittelbar nach Abgabe der Bestellung durchgef\u00fchrt. Weitere Hinweise erhalten Sie<br>im Bestellvorgang.<br>PayPal kann registrierten und nach eigenen Kriterien ausgew\u00e4hlten PayPal-Kunden<br>weitere Zahlungsmodalit\u00e4ten im Kundenkonto anbieten. Auf das Anbieten dieser<br>Modalit\u00e4ten haben wir allerdings keinen Einfluss; weitere individuell angebotene<br>Zahlungsmodalit\u00e4ten betreffen Ihr Rechtsverh\u00e4ltnis mit PayPal. Weitere Informationen<br>hierzu finden Sie in Ihrem PayPal-Konto.<br><\/p><p><strong>Apple Pay<\/strong><br>Um den Rechnungsbetrag \u00fcber den Zahlungsdienstleister Apple Inc., One Apple Park<br>Way, Cupertino, CA 95014, USA (\u201eApple\u201c) bezahlen zu k\u00f6nnen, m\u00fcssen Sie den<br>Browser \u201eSafari\u201c nutzen, bei Apple registriert sein, die Funktion Apple Pay aktiviert<br>haben, sich mit Ihren Zugangsdaten legitimieren und die Zahlungsanweisung<br>best\u00e4tigen. Die Zahlungstransaktion wird unmittelbar nach Abgabe der Bestellung<br>durchgef\u00fchrt. Weitere Hinweise erhalten Sie im Bestellvorgang.<\/p><h1 class=\"wp-block-heading\"><a>7.\u00a0\u00a0\u00a0 Eigentumsvorbehalt<\/a><\/h1><p>Das Produkt bleibt bis zur vollst\u00e4ndigen Bezahlung unser Eigentum.<br>Bei Kunden mit Sitz in der Schweiz sind wir berechtigt, einen entsprechenden Eintrag<br>im Eigentumsvorbehaltsregister vorzunehmen.<\/p><h1 class=\"wp-block-heading\"><a>8.\u00a0\u00a0\u00a0 Transportsch\u00e4den<\/a><\/h1><p>Werden Waren mit offensichtlichen Transportsch\u00e4den angeliefert, so reklamieren Sie<br>solche Fehler bitte m\u00f6glichst sofort beim Zusteller und nehmen Sie bitte unverz\u00fcglich<br>Kontakt zu uns auf. Die Vers\u00e4umung einer Reklamation oder Kontaktaufnahme hat f\u00fcr<br>Ihre gesetzlichen Anspr\u00fcche und deren Durchsetzung, insbesondere Ihre<br>Gew\u00e4hrleistungsrechte, keinerlei Konsequenzen. Sie helfen uns aber, unsere eigenen<br>Anspr\u00fcche gegen\u00fcber dem Frachtf\u00fchrer bzw. der Transportversicherung geltend<br>machen zu k\u00f6nnen.<\/p><h1 class=\"wp-block-heading\"><a>9.\u00a0\u00a0\u00a0 Gew\u00e4hrleistung und Garantien<\/a><\/h1><p><strong>9.1 M\u00e4ngelhaftungsrecht<\/strong><br>Es gilt das gesetzliche M\u00e4ngelhaftungsrecht.<br><br><strong>F\u00fcr Verbraucher mit Sitz in der Schweiz gilt:<\/strong><br>Sie sollen, sobald es nach dem \u00fcblichen Gesch\u00e4ftsgange tunlich ist, die Beschaffenheit<br>der empfangenen Sache pr\u00fcfen und, falls sich M\u00e4ngel ergeben, f\u00fcr die der Verk\u00e4ufer<br>Gew\u00e4hr zu leisten hat, diesem sofort Anzeige machen. Vers\u00e4umt dieses der<br>Verbraucher, so gilt die gekaufte Sache als genehmigt, soweit es sich nicht um M\u00e4ngel<br>handelt, die bei der \u00fcbungsgem\u00e4ssen Untersuchung nicht erkennbar waren. Ergeben<br>sich sp\u00e4ter solche M\u00e4ngel, so muss die Anzeige sofort nach der Entdeckung erfolgen,<br>widrigenfalls die Sache auch r\u00fccksichtlich dieser M\u00e4ngel als genehmigt gilt.<br>Abweichend vom Vorstehenden gilt: Soweit M\u00e4ngel einer Sache, die<br>bestimmungsgem\u00e4ss in ein unbewegliches Werk integriert worden ist, die<br>Mangelhaftigkeit des Werks verursacht haben, sind diese innert 60 Tagen anzuzeigen.<br>M\u00e4ngel, die bei der \u00fcbungsgem\u00e4ssen Untersuchung nicht erkennbar waren, sind innert<br>60 Tagen nach ihrer Entdeckung anzuzeigen.<br>Senden Sie das mangelhafte Produkt mit einer Mangelbeschreibung an uns zur\u00fcck. Sie<br>tragen die anfallenden Transportkosten. Wir leisten Gew\u00e4hr durch die Behebung von<br>M\u00e4ngeln. Dies geschieht nach unserer Wahl entweder durch Beseitigung des Mangels<br>(Nachbesserung) oder Lieferung einer mangelfreien Sache (Ersatzlieferung). Schl\u00e4gt<br>die Nacherf\u00fcllung fehl, sind Sie zum R\u00fccktritt vom Vertrag berechtigt. Dies gilt nicht im<br>Falle unerheblicher M\u00e4ngel. Ein Recht auf Preisminderung ist ausgeschlossen.<br><\/p><p><strong>9.2 Garantien und Kundendienst<\/strong><br>Informationen zu gegebenenfalls geltenden zus\u00e4tzlichen Garantien und deren genaue<br>Bedingungen finden Sie jeweils beim Produkt und auf besonderen Informationsseiten<br>im Online-Shop.<br>Kundendienst: Sie erreichen unseren Kundendienst f\u00fcr Fragen, Reklamationen und<br>Beanstandungen per Kontakformuler \u00fcber unsere Website oder E-Mail unter<br>info@soflow.com.<\/p><h1 class=\"wp-block-heading\"><a>10.\u00a0\u00a0Haftung<\/a><\/h1><p>F\u00fcr Anspr\u00fcche aufgrund von Sch\u00e4den, die durch uns, unsere gesetzlichen Vertreter<br>oder Erf\u00fcllungsgehilfen verursacht wurden, haften wir stets unbeschr\u00e4nkt<br><br>&#8211; bei Verletzung des Lebens, des K\u00f6rpers oder der Gesundheit,<br>&#8211; bei vors\u00e4tzlicher oder grob fahrl\u00e4ssiger Pflichtverletzung,<br>&#8211; bei Garantieversprechen, soweit vereinbart, oder<br>&#8211; soweit der Anwendungsbereich des Produkthaftungsgesetzes er\u00f6ffnet ist.<br><br>Bei Verletzung wesentlicher Vertragspflichten, deren Erf\u00fcllung die ordnungsgem\u00e4\u00dfe<br>Durchf\u00fchrung des Vertrages \u00fcberhaupt erst erm\u00f6glicht und auf deren Einhaltung der<br>Vertragspartner regelm\u00e4\u00dfig vertrauen darf, (Kardinalpflichten) durch leichte<br>Fahrl\u00e4ssigkeit von uns, unseren gesetzlichen Vertretern oder Erf\u00fcllungsgehilfen ist die<br>Haftung der H\u00f6he nach auf den bei Vertragsschluss vorhersehbaren Schaden begrenzt,<br>mit dessen Entstehung typischerweise gerechnet werden muss.<br>Im \u00dcbrigen sind Anspr\u00fcche auf Schadensersatz ausgeschlossen.<\/p><h1 class=\"wp-block-heading\"><a>11.\u00a0\u00a0<\/a>Streitbeilegung<\/h1><p>Zur Teilnahme an einem Streitbeilegungsverfahren vor einer<br>Verbraucherschlichtungsstelle sind wir nicht verpflichtet und nicht bereit.<br>Sollten einzelne Klauseln dieser AGB ganz oder teilweise unwirksam sein, so bleibt der<br>Vertrag im \u00dcbrigen wirksam. Soweit einzelne Klauseln unwirksam sind, richtet sich der<br>Inhalt des Vertrags nach den gesetzlichen Vorschriften.<\/p>","protected":false},"excerpt":{"rendered":"<p>Allgemeine Gesch\u00e4ftsbedingungen der SoFlow mobility GmbH 1.&nbsp;&nbsp;&nbsp; &nbsp;Geltungsbereich F\u00fcr alle Bestellungen \u00fcber unseren Online-Shop gelten die nachfolgenden AGB. UnserOnline-Shop richtet sich ausschlie\u00dflich an Verbraucher.F\u00fcr Deutschland gilt: Verbraucher sind gem. \u00a7 13 BGB jede nat\u00fcrliche Person, die einRechtsgesch\u00e4ft zu Zwecken abschlie\u00dft, die \u00fcberwiegend weder ihrer gewerblichennoch ihrer selbst\u00e4ndigen beruflichen T\u00e4tigkeit zugerechnet werden k\u00f6nnen.F\u00fcr \u00d6sterreich gilt: In [&hellip;]<\/p>\n","protected":false},"author":1,"featured_media":252,"parent":0,"menu_order":0,"comment_status":"closed","ping_status":"closed","template":"","meta":{"_acf_changed":false,"content-type":"","inline_featured_image":false,"spay_email":"","footnotes":""},"class_list":["post-578","page","type-page","status-publish","has-post-thumbnail","hentry"],"acf":[],"yoast_head":"<!-- This site is optimized with the Yoast SEO plugin v23.8 - https:\/\/yoast.com\/wordpress\/plugins\/seo\/ -->\n<title>AGB - SoFlow<\/title>\n<meta name=\"robots\" content=\"index, follow, max-snippet:-1, max-image-preview:large, max-video-preview:-1\" \/>\n<link rel=\"canonical\" href=\"https:\/\/www.soflow.com\/de\/agb\/\" \/>\n<meta property=\"og:locale\" content=\"de_DE\" \/>\n<meta property=\"og:type\" content=\"article\" \/>\n<meta property=\"og:title\" content=\"AGB - SoFlow\" \/>\n<meta property=\"og:description\" content=\"Allgemeine Gesch\u00e4ftsbedingungen der SoFlow mobility GmbH 1.&nbsp;&nbsp;&nbsp; &nbsp;Geltungsbereich F\u00fcr alle Bestellungen \u00fcber unseren Online-Shop gelten die nachfolgenden AGB. UnserOnline-Shop richtet sich ausschlie\u00dflich an Verbraucher.F\u00fcr Deutschland gilt: Verbraucher sind gem. \u00a7 13 BGB jede nat\u00fcrliche Person, die einRechtsgesch\u00e4ft zu Zwecken abschlie\u00dft, die \u00fcberwiegend weder ihrer gewerblichennoch ihrer selbst\u00e4ndigen beruflichen T\u00e4tigkeit zugerechnet werden k\u00f6nnen.F\u00fcr \u00d6sterreich gilt: In [&hellip;]\" \/>\n<meta property=\"og:url\" content=\"https:\/\/www.soflow.com\/de\/agb\/\" \/>\n<meta property=\"og:site_name\" content=\"SoFlow\" \/>\n<meta property=\"article:modified_time\" content=\"2026-04-07T09:51:27+00:00\" \/>\n<meta property=\"og:image\" content=\"https:\/\/www.soflow.com\/app\/uploads\/blogs\/12\/2019\/12\/escooter5-scaled.jpg\" \/>\n\t<meta property=\"og:image:width\" content=\"2560\" \/>\n\t<meta property=\"og:image:height\" content=\"1068\" \/>\n\t<meta property=\"og:image:type\" content=\"image\/jpeg\" \/>\n<meta name=\"twitter:card\" content=\"summary_large_image\" \/>\n<meta name=\"twitter:label1\" content=\"Est. reading time\" \/>\n\t<meta name=\"twitter:data1\" content=\"7 minutes\" \/>\n<script type=\"application\/ld+json\" class=\"yoast-schema-graph\">{\"@context\":\"https:\/\/schema.org\",\"@graph\":[{\"@type\":\"WebPage\",\"@id\":\"https:\/\/www.soflow.com\/de\/agb\/\",\"url\":\"https:\/\/www.soflow.com\/de\/agb\/\",\"name\":\"AGB - SoFlow\",\"isPartOf\":{\"@id\":\"https:\/\/www.soflow.com\/de\/#website\"},\"primaryImageOfPage\":{\"@id\":\"https:\/\/www.soflow.com\/de\/agb\/#primaryimage\"},\"image\":{\"@id\":\"https:\/\/www.soflow.com\/de\/agb\/#primaryimage\"},\"thumbnailUrl\":\"https:\/\/www.soflow.com\/app\/uploads\/blogs\/12\/2019\/12\/escooter5-scaled.jpg\",\"datePublished\":\"2020-08-04T08:45:38+00:00\",\"dateModified\":\"2026-04-07T09:51:27+00:00\",\"breadcrumb\":{\"@id\":\"https:\/\/www.soflow.com\/de\/agb\/#breadcrumb\"},\"inLanguage\":\"de-DE\",\"potentialAction\":[{\"@type\":\"ReadAction\",\"target\":[\"https:\/\/www.soflow.com\/de\/agb\/\"]}]},{\"@type\":\"ImageObject\",\"inLanguage\":\"de-DE\",\"@id\":\"https:\/\/www.soflow.com\/de\/agb\/#primaryimage\",\"url\":\"https:\/\/www.soflow.com\/app\/uploads\/blogs\/12\/2019\/12\/escooter5-scaled.jpg\",\"contentUrl\":\"https:\/\/www.soflow.com\/app\/uploads\/blogs\/12\/2019\/12\/escooter5-scaled.jpg\",\"width\":2560,\"height\":1068},{\"@type\":\"BreadcrumbList\",\"@id\":\"https:\/\/www.soflow.com\/de\/agb\/#breadcrumb\",\"itemListElement\":[{\"@type\":\"ListItem\",\"position\":1,\"name\":\"Home\",\"item\":\"https:\/\/www.soflow.com\/de\/\"},{\"@type\":\"ListItem\",\"position\":2,\"name\":\"AGB\"}]},{\"@type\":\"WebSite\",\"@id\":\"https:\/\/www.soflow.com\/de\/#website\",\"url\":\"https:\/\/www.soflow.com\/de\/\",\"name\":\"SoFlow\",\"description\":\"SoFlow \u2013 E-Scooters, Boards and Bikes\",\"potentialAction\":[{\"@type\":\"SearchAction\",\"target\":{\"@type\":\"EntryPoint\",\"urlTemplate\":\"https:\/\/www.soflow.com\/de\/?s={search_term_string}\"},\"query-input\":{\"@type\":\"PropertyValueSpecification\",\"valueRequired\":true,\"valueName\":\"search_term_string\"}}],\"inLanguage\":\"de-DE\"}]}<\/script>\n<!-- \/ Yoast SEO plugin. -->","yoast_head_json":{"title":"AGB - SoFlow","robots":{"index":"index","follow":"follow","max-snippet":"max-snippet:-1","max-image-preview":"max-image-preview:large","max-video-preview":"max-video-preview:-1"},"canonical":"https:\/\/www.soflow.com\/de\/agb\/","og_locale":"de_DE","og_type":"article","og_title":"AGB - SoFlow","og_description":"Allgemeine Gesch\u00e4ftsbedingungen der SoFlow mobility GmbH 1.&nbsp;&nbsp;&nbsp; &nbsp;Geltungsbereich F\u00fcr alle Bestellungen \u00fcber unseren Online-Shop gelten die nachfolgenden AGB. UnserOnline-Shop richtet sich ausschlie\u00dflich an Verbraucher.F\u00fcr Deutschland gilt: Verbraucher sind gem. \u00a7 13 BGB jede nat\u00fcrliche Person, die einRechtsgesch\u00e4ft zu Zwecken abschlie\u00dft, die \u00fcberwiegend weder ihrer gewerblichennoch ihrer selbst\u00e4ndigen beruflichen T\u00e4tigkeit zugerechnet werden k\u00f6nnen.F\u00fcr \u00d6sterreich gilt: In [&hellip;]","og_url":"https:\/\/www.soflow.com\/de\/agb\/","og_site_name":"SoFlow","article_modified_time":"2026-04-07T09:51:27+00:00","og_image":[{"width":2560,"height":1068,"url":"https:\/\/www.soflow.com\/app\/uploads\/blogs\/12\/2019\/12\/escooter5-scaled.jpg","type":"image\/jpeg"}],"twitter_card":"summary_large_image","twitter_misc":{"Est. reading time":"7 minutes"},"schema":{"@context":"https:\/\/schema.org","@graph":[{"@type":"WebPage","@id":"https:\/\/www.soflow.com\/de\/agb\/","url":"https:\/\/www.soflow.com\/de\/agb\/","name":"AGB - SoFlow","isPartOf":{"@id":"https:\/\/www.soflow.com\/de\/#website"},"primaryImageOfPage":{"@id":"https:\/\/www.soflow.com\/de\/agb\/#primaryimage"},"image":{"@id":"https:\/\/www.soflow.com\/de\/agb\/#primaryimage"},"thumbnailUrl":"https:\/\/www.soflow.com\/app\/uploads\/blogs\/12\/2019\/12\/escooter5-scaled.jpg","datePublished":"2020-08-04T08:45:38+00:00","dateModified":"2026-04-07T09:51:27+00:00","breadcrumb":{"@id":"https:\/\/www.soflow.com\/de\/agb\/#breadcrumb"},"inLanguage":"de-DE","potentialAction":[{"@type":"ReadAction","target":["https:\/\/www.soflow.com\/de\/agb\/"]}]},{"@type":"ImageObject","inLanguage":"de-DE","@id":"https:\/\/www.soflow.com\/de\/agb\/#primaryimage","url":"https:\/\/www.soflow.com\/app\/uploads\/blogs\/12\/2019\/12\/escooter5-scaled.jpg","contentUrl":"https:\/\/www.soflow.com\/app\/uploads\/blogs\/12\/2019\/12\/escooter5-scaled.jpg","width":2560,"height":1068},{"@type":"BreadcrumbList","@id":"https:\/\/www.soflow.com\/de\/agb\/#breadcrumb","itemListElement":[{"@type":"ListItem","position":1,"name":"Home","item":"https:\/\/www.soflow.com\/de\/"},{"@type":"ListItem","position":2,"name":"AGB"}]},{"@type":"WebSite","@id":"https:\/\/www.soflow.com\/de\/#website","url":"https:\/\/www.soflow.com\/de\/","name":"SoFlow","description":"SoFlow \u2013 E-Scooters, Boards and Bikes","potentialAction":[{"@type":"SearchAction","target":{"@type":"EntryPoint","urlTemplate":"https:\/\/www.soflow.com\/de\/?s={search_term_string}"},"query-input":{"@type":"PropertyValueSpecification","valueRequired":true,"valueName":"search_term_string"}}],"inLanguage":"de-DE"}]}},"_links":{"self":[{"href":"https:\/\/www.soflow.com\/de\/wp-json\/wp\/v2\/pages\/578"}],"collection":[{"href":"https:\/\/www.soflow.com\/de\/wp-json\/wp\/v2\/pages"}],"about":[{"href":"https:\/\/www.soflow.com\/de\/wp-json\/wp\/v2\/types\/page"}],"author":[{"embeddable":true,"href":"https:\/\/www.soflow.com\/de\/wp-json\/wp\/v2\/users\/1"}],"replies":[{"embeddable":true,"href":"https:\/\/www.soflow.com\/de\/wp-json\/wp\/v2\/comments?post=578"}],"version-history":[{"count":16,"href":"https:\/\/www.soflow.com\/de\/wp-json\/wp\/v2\/pages\/578\/revisions"}],"predecessor-version":[{"id":78502,"href":"https:\/\/www.soflow.com\/de\/wp-json\/wp\/v2\/pages\/578\/revisions\/78502"}],"wp:featuredmedia":[{"embeddable":true,"href":"https:\/\/www.soflow.com\/de\/wp-json\/wp\/v2\/media\/252"}],"wp:attachment":[{"href":"https:\/\/www.soflow.com\/de\/wp-json\/wp\/v2\/media?parent=578"}],"curies":[{"name":"wp","href":"https:\/\/api.w.org\/{rel}","templated":true}]}}