{"id":78507,"date":"2026-04-07T13:34:22","date_gmt":"2026-04-07T11:34:22","guid":{"rendered":"https:\/\/www.soflow.com\/de\/?page_id=78507"},"modified":"2026-04-07T13:34:23","modified_gmt":"2026-04-07T11:34:23","slug":"vertragwiderrufen","status":"publish","type":"page","link":"https:\/\/www.soflow.com\/de\/vertragwiderrufen\/","title":{"rendered":"Widerrufsbelehrung"},"content":{"rendered":"<p>Verbraucher haben ein vierzehnt\u00e4giges Widerrufsrecht.<br><br><strong>Widerrufsrecht<br><\/strong>Sie haben das Recht, binnen vierzehn Tagen ohne Angabe von Gr\u00fcnden diesen Vertrag<br>zu widerrufen. Die Widerrufsfrist betr\u00e4gt vierzehn Tage ab dem Tag , an dem Sie oder<br>ein von Ihnen benannter Dritter, der nicht der Bef\u00f6rderer ist, die Waren in Besitz<br>genommen haben bzw. hat.<br>Um Ihr Widerrufsrecht auszu\u00fcben, m\u00fcssen Sie uns (SoFlow mobility GmbH, Richard-Klinger-Stra\u00dfe 8, D-65510 Idstein, Deutschland, info@soflow.com,<br>Telefon: +49 6126 997420) mittels einer eindeutigen Erkl\u00e4rung (z.B. ein mit der Post<br>versandter Brief oder eine E-Mail) \u00fcber Ihren Entschluss, diesen Vertrag zu widerrufen,<br>informieren. Sie k\u00f6nnen daf\u00fcr das beigef\u00fcgte Muster-Widerrufsformular verwenden,<br>das jedoch nicht vorgeschrieben ist.<br>Zur Wahrung der Widerrufsfrist reicht es aus, dass Sie die Mitteilung \u00fcber die<br>Aus\u00fcbung des Widerrufsrechts vor Ablauf der Widerrufsfrist absenden.<br><\/p><p><strong>Folgen des Widerrufs<\/strong><br>Wenn Sie diesen Vertrag widerrufen, haben wir Ihnen alle Zahlungen, die wir von Ihnen<br>erhalten haben, einschlie\u00dflich der Lieferkosten (mit Ausnahme der zus\u00e4tzlichen<br>Kosten, die sich daraus ergeben, dass Sie eine andere Art der Lieferung als die von uns<br>angebotene, g\u00fcnstigste Standardlieferung gew\u00e4hlt haben), unverz\u00fcglich und<br>sp\u00e4testens binnen vierzehn Tagen ab dem Tag zur\u00fcckzuzahlen, an dem die Mitteilung<br>\u00fcber Ihren Widerruf dieses Vertrags bei uns eingegangen ist. F\u00fcr diese R\u00fcckzahlung<br>verwenden wir dasselbe Zahlungsmittel, das Sie bei der urspr\u00fcnglichen Transaktion<br>eingesetzt haben, es sei denn, mit Ihnen wurde ausdr\u00fccklich etwas anderes<br>vereinbart; in keinem Fall werden Ihnen wegen dieser R\u00fcckzahlung Entgelte<br>berechnet. Wir k\u00f6nnen die R\u00fcckzahlung verweigern, bis wir die Waren wieder<br>zur\u00fcckerhalten haben oder bis Sie den Nachweis erbracht haben, dass Sie die Waren<br>zur\u00fcckgesandt haben, je nachdem, welches der fr\u00fchere Zeitpunkt ist.<br>Sie haben die Waren unverz\u00fcglich und in jedem Fall sp\u00e4testens binnen vierzehn Tagen<br>ab dem Tag, an dem Sie uns \u00fcber den Widerruf dieses Vertrags unterrichten, an uns<br>oder an Ernst Schmitz Logistics &amp; Technical Services GmbH (Otto-Hahn-Stra\u00dfe 17,<br>65520 Bad Camberg, Deutschland) zur\u00fcckzusenden oder zu \u00fcbergeben. Die Frist ist<br>gewahrt, wenn Sie die Waren vor Ablauf der Frist von vierzehn Tagen absenden. Sie<br>tragen die unmittelbaren Kosten der R\u00fccksendung der Waren. Sie m\u00fcssen f\u00fcr einen<br>etwaigen Wertverlust der Waren nur aufkommen, wenn dieser Wertverlust auf einen<br>zur Pr\u00fcfung der Beschaffenheit, Eigenschaften und Funktionsweise der Waren nicht<br>notwendigen Umgang mit ihnen zur\u00fcckzuf\u00fchren ist.<br><\/p><p><strong>Muster-Widerrufsformular<\/strong><br>(Wenn Sie den Vertrag widerrufen wollen, dann f\u00fcllen Sie bitte dieses Formular aus<br>und senden Sie es zur\u00fcck.)<br>\u2013 An SoFlow mobility GmbH, Richard-Klinger-Stra\u00dfe 8, D-65510 Idstein, Deutschland, info@soflow.com<br>\u2013 Hiermit widerrufe(n) ich\/wir (<em>) den von mir\/uns (<\/em>) abgeschlossenen Vertrag \u00fcber<br>den Kauf der folgenden<br>Waren (<em>)\/die Erbringung der folgenden Dienstleistung (<\/em>)<br>\u2013 Bestellt am (<em>)\/erhalten am (<\/em>)<br>\u2013 Name des\/der Verbraucher(s)<br>\u2013 Anschrift des\/der Verbraucher(s)<br>\u2013 Unterschrift des\/der Verbraucher(s) (nur bei Mitteilung auf Papier)<br>\u2013 Datum<br>(*) Unzutreffendes streichen.<\/p>","protected":false},"excerpt":{"rendered":"<p>Verbraucher haben ein vierzehnt\u00e4giges Widerrufsrecht. WiderrufsrechtSie haben das Recht, binnen vierzehn Tagen ohne Angabe von Gr\u00fcnden diesen Vertragzu widerrufen. Die Widerrufsfrist betr\u00e4gt vierzehn Tage ab dem Tag , an dem Sie oderein von Ihnen benannter Dritter, der nicht der Bef\u00f6rderer ist, die Waren in Besitzgenommen haben bzw. hat.Um Ihr Widerrufsrecht auszu\u00fcben, m\u00fcssen Sie uns (SoFlow [&hellip;]<\/p>\n","protected":false},"author":21,"featured_media":0,"parent":0,"menu_order":0,"comment_status":"closed","ping_status":"open","template":"","meta":{"_acf_changed":false,"content-type":"","inline_featured_image":false,"spay_email":"","footnotes":""},"class_list":["post-78507","page","type-page","status-publish","hentry"],"acf":[],"yoast_head":"<!-- This site is optimized with the Yoast SEO plugin v23.8 - https:\/\/yoast.com\/wordpress\/plugins\/seo\/ -->\n<title>Widerrufsbelehrung - SoFlow<\/title>\n<meta name=\"robots\" content=\"index, follow, max-snippet:-1, max-image-preview:large, max-video-preview:-1\" \/>\n<link rel=\"canonical\" href=\"https:\/\/www.soflow.com\/de\/vertragwiderrufen\/\" \/>\n<meta property=\"og:locale\" content=\"de_DE\" \/>\n<meta property=\"og:type\" content=\"article\" \/>\n<meta property=\"og:title\" content=\"Widerrufsbelehrung - SoFlow\" \/>\n<meta property=\"og:description\" content=\"Verbraucher haben ein vierzehnt\u00e4giges Widerrufsrecht. WiderrufsrechtSie haben das Recht, binnen vierzehn Tagen ohne Angabe von Gr\u00fcnden diesen Vertragzu widerrufen. Die Widerrufsfrist betr\u00e4gt vierzehn Tage ab dem Tag , an dem Sie oderein von Ihnen benannter Dritter, der nicht der Bef\u00f6rderer ist, die Waren in Besitzgenommen haben bzw. hat.Um Ihr Widerrufsrecht auszu\u00fcben, m\u00fcssen Sie uns (SoFlow [&hellip;]\" \/>\n<meta property=\"og:url\" content=\"https:\/\/www.soflow.com\/de\/vertragwiderrufen\/\" \/>\n<meta property=\"og:site_name\" content=\"SoFlow\" \/>\n<meta property=\"article:modified_time\" content=\"2026-04-07T11:34:23+00:00\" \/>\n<meta name=\"twitter:card\" content=\"summary_large_image\" \/>\n<meta name=\"twitter:label1\" content=\"Est. reading time\" \/>\n\t<meta name=\"twitter:data1\" content=\"3 minutes\" \/>\n<script type=\"application\/ld+json\" class=\"yoast-schema-graph\">{\"@context\":\"https:\/\/schema.org\",\"@graph\":[{\"@type\":\"WebPage\",\"@id\":\"https:\/\/www.soflow.com\/de\/vertragwiderrufen\/\",\"url\":\"https:\/\/www.soflow.com\/de\/vertragwiderrufen\/\",\"name\":\"Widerrufsbelehrung - SoFlow\",\"isPartOf\":{\"@id\":\"https:\/\/www.soflow.com\/de\/#website\"},\"datePublished\":\"2026-04-07T11:34:22+00:00\",\"dateModified\":\"2026-04-07T11:34:23+00:00\",\"breadcrumb\":{\"@id\":\"https:\/\/www.soflow.com\/de\/vertragwiderrufen\/#breadcrumb\"},\"inLanguage\":\"de-DE\",\"potentialAction\":[{\"@type\":\"ReadAction\",\"target\":[\"https:\/\/www.soflow.com\/de\/vertragwiderrufen\/\"]}]},{\"@type\":\"BreadcrumbList\",\"@id\":\"https:\/\/www.soflow.com\/de\/vertragwiderrufen\/#breadcrumb\",\"itemListElement\":[{\"@type\":\"ListItem\",\"position\":1,\"name\":\"Home\",\"item\":\"https:\/\/www.soflow.com\/de\/\"},{\"@type\":\"ListItem\",\"position\":2,\"name\":\"Widerrufsbelehrung\"}]},{\"@type\":\"WebSite\",\"@id\":\"https:\/\/www.soflow.com\/de\/#website\",\"url\":\"https:\/\/www.soflow.com\/de\/\",\"name\":\"SoFlow\",\"description\":\"SoFlow \u2013 E-Scooters, Boards and Bikes\",\"potentialAction\":[{\"@type\":\"SearchAction\",\"target\":{\"@type\":\"EntryPoint\",\"urlTemplate\":\"https:\/\/www.soflow.com\/de\/?s={search_term_string}\"},\"query-input\":{\"@type\":\"PropertyValueSpecification\",\"valueRequired\":true,\"valueName\":\"search_term_string\"}}],\"inLanguage\":\"de-DE\"}]}<\/script>\n<!-- \/ Yoast SEO plugin. -->","yoast_head_json":{"title":"Widerrufsbelehrung - SoFlow","robots":{"index":"index","follow":"follow","max-snippet":"max-snippet:-1","max-image-preview":"max-image-preview:large","max-video-preview":"max-video-preview:-1"},"canonical":"https:\/\/www.soflow.com\/de\/vertragwiderrufen\/","og_locale":"de_DE","og_type":"article","og_title":"Widerrufsbelehrung - SoFlow","og_description":"Verbraucher haben ein vierzehnt\u00e4giges Widerrufsrecht. WiderrufsrechtSie haben das Recht, binnen vierzehn Tagen ohne Angabe von Gr\u00fcnden diesen Vertragzu widerrufen. Die Widerrufsfrist betr\u00e4gt vierzehn Tage ab dem Tag , an dem Sie oderein von Ihnen benannter Dritter, der nicht der Bef\u00f6rderer ist, die Waren in Besitzgenommen haben bzw. hat.Um Ihr Widerrufsrecht auszu\u00fcben, m\u00fcssen Sie uns (SoFlow [&hellip;]","og_url":"https:\/\/www.soflow.com\/de\/vertragwiderrufen\/","og_site_name":"SoFlow","article_modified_time":"2026-04-07T11:34:23+00:00","twitter_card":"summary_large_image","twitter_misc":{"Est. reading time":"3 minutes"},"schema":{"@context":"https:\/\/schema.org","@graph":[{"@type":"WebPage","@id":"https:\/\/www.soflow.com\/de\/vertragwiderrufen\/","url":"https:\/\/www.soflow.com\/de\/vertragwiderrufen\/","name":"Widerrufsbelehrung - SoFlow","isPartOf":{"@id":"https:\/\/www.soflow.com\/de\/#website"},"datePublished":"2026-04-07T11:34:22+00:00","dateModified":"2026-04-07T11:34:23+00:00","breadcrumb":{"@id":"https:\/\/www.soflow.com\/de\/vertragwiderrufen\/#breadcrumb"},"inLanguage":"de-DE","potentialAction":[{"@type":"ReadAction","target":["https:\/\/www.soflow.com\/de\/vertragwiderrufen\/"]}]},{"@type":"BreadcrumbList","@id":"https:\/\/www.soflow.com\/de\/vertragwiderrufen\/#breadcrumb","itemListElement":[{"@type":"ListItem","position":1,"name":"Home","item":"https:\/\/www.soflow.com\/de\/"},{"@type":"ListItem","position":2,"name":"Widerrufsbelehrung"}]},{"@type":"WebSite","@id":"https:\/\/www.soflow.com\/de\/#website","url":"https:\/\/www.soflow.com\/de\/","name":"SoFlow","description":"SoFlow \u2013 E-Scooters, Boards and Bikes","potentialAction":[{"@type":"SearchAction","target":{"@type":"EntryPoint","urlTemplate":"https:\/\/www.soflow.com\/de\/?s={search_term_string}"},"query-input":{"@type":"PropertyValueSpecification","valueRequired":true,"valueName":"search_term_string"}}],"inLanguage":"de-DE"}]}},"_links":{"self":[{"href":"https:\/\/www.soflow.com\/de\/wp-json\/wp\/v2\/pages\/78507"}],"collection":[{"href":"https:\/\/www.soflow.com\/de\/wp-json\/wp\/v2\/pages"}],"about":[{"href":"https:\/\/www.soflow.com\/de\/wp-json\/wp\/v2\/types\/page"}],"author":[{"embeddable":true,"href":"https:\/\/www.soflow.com\/de\/wp-json\/wp\/v2\/users\/21"}],"replies":[{"embeddable":true,"href":"https:\/\/www.soflow.com\/de\/wp-json\/wp\/v2\/comments?post=78507"}],"version-history":[{"count":1,"href":"https:\/\/www.soflow.com\/de\/wp-json\/wp\/v2\/pages\/78507\/revisions"}],"predecessor-version":[{"id":78510,"href":"https:\/\/www.soflow.com\/de\/wp-json\/wp\/v2\/pages\/78507\/revisions\/78510"}],"wp:attachment":[{"href":"https:\/\/www.soflow.com\/de\/wp-json\/wp\/v2\/media?parent=78507"}],"curies":[{"name":"wp","href":"https:\/\/api.w.org\/{rel}","templated":true}]}}