{"id":42545,"date":"2022-07-27T11:39:52","date_gmt":"2022-07-27T09:39:52","guid":{"rendered":"https:\/\/www.soflow.com\/de\/?post_type=product&#038;p=42545"},"modified":"2023-03-28T12:00:18","modified_gmt":"2023-03-28T10:00:18","slug":"soflow-flowpad-x","status":"publish","type":"product","link":"https:\/\/www.soflow.com\/de\/produkt\/soflow-flowpad-x\/","title":{"rendered":"SoFlow Flowpad X"},"content":{"rendered":"<p>Das Flowpad X: Der neue Premium SUV unter den Hoverboards \u2013 nur wendiger. Die speziell von SoFlow entwickelten, profilstarken und innovativen Reifen bieten Dir sogar auf unbefestigtem Untergrund maximalen Fahrspass. So hast Du immer den richtigen Grip unter den F\u00fcssen, auch wenn Du spontan eine Abk\u00fcrzung nimmst.<\/p>\n<ul>\n<li>Das Flowpad X wappnet Dich nicht nur gegen steinigen Untergrund, sondern garantiert mit dem innovativen, integrierten Safety-Drive-System, dem dualen Gyro-Sensor-System und der integrierten Frontbeleuchtung auch maximale Sicherheit.<\/li>\n<li>Maximal ist auch die Traglast: Bis zu 120 kg tr\u00e4gt das robuste Board dank optimaler Leichtbau-Konstruktion.<\/li>\n<li>Und weil das Flowpad X ein echtes Fun-Sport Ger\u00e4t ist, kannst Du statt der Abk\u00fcrzung auch den Umweg nehmen: Das Board hat Power f\u00fcr bis zu 3 Stunden.<\/li>\n<\/ul>\n","protected":false},"excerpt":{"rendered":"<p>Das Flowpad X: Der neue Premium SUV unter den Hoverboards \u2013 nur wendiger. Die speziell von SoFlow entwickelten, profilstarken und innovativen Reifen bieten Dir sogar auf unbefestigtem Untergrund maximalen Fahrspass. So hast Du immer den richtigen Grip unter den F\u00fcssen, auch wenn Du spontan eine Abk\u00fcrzung nimmst. Das Flowpad X wappnet Dich nicht nur gegen [&hellip;]<\/p>\n","protected":false},"featured_media":42572,"template":"","meta":{"_acf_changed":false,"content-type":"","inline_featured_image":false,"spay_email":""},"product_cat":[407],"product_tag":[],"class_list":{"0":"post-42545","1":"product","2":"type-product","3":"status-publish","4":"has-post-thumbnail","6":"product_cat-e-bike","8":"first","9":"instock","10":"taxable","11":"shipping-taxable","12":"purchasable","13":"product-type-simple"},"acf":[],"yoast_head":"<!-- This site is optimized with the Yoast SEO plugin v23.8 - https:\/\/yoast.com\/wordpress\/plugins\/seo\/ -->\n<title>SoFlow Flowpad X - SoFlow<\/title>\n<meta name=\"description\" content=\"Das Flowpad X: Der neue Premium SUV unter den Hoverboards \u2013 nur wendiger.\" \/>\n<meta name=\"robots\" content=\"index, follow, max-snippet:-1, max-image-preview:large, max-video-preview:-1\" \/>\n<link rel=\"canonical\" href=\"https:\/\/www.soflow.com\/de\/produkt\/soflow-flowpad-x\/\" \/>\n<meta property=\"og:locale\" content=\"de_DE\" \/>\n<meta property=\"og:type\" content=\"article\" \/>\n<meta property=\"og:title\" content=\"SoFlow Flowpad X - SoFlow\" \/>\n<meta property=\"og:description\" content=\"Das Flowpad X: Der neue Premium SUV unter den Hoverboards \u2013 nur wendiger.\" \/>\n<meta property=\"og:url\" content=\"https:\/\/www.soflow.com\/de\/produkt\/soflow-flowpad-x\/\" \/>\n<meta property=\"og:site_name\" content=\"SoFlow\" \/>\n<meta property=\"article:modified_time\" content=\"2023-03-28T10:00:18+00:00\" \/>\n<meta property=\"og:image\" content=\"https:\/\/i1.wp.com\/www.soflow.com\/app\/uploads\/blogs\/12\/2022\/07\/FlowpadX_Side_01-1.png?fit=892%2C1024&ssl=1\" \/>\n\t<meta property=\"og:image:width\" content=\"892\" \/>\n\t<meta property=\"og:image:height\" content=\"1024\" \/>\n\t<meta property=\"og:image:type\" content=\"image\/png\" \/>\n<meta name=\"twitter:card\" content=\"summary_large_image\" \/>\n<meta name=\"twitter:label1\" content=\"Est. reading time\" \/>\n\t<meta name=\"twitter:data1\" content=\"1 minute\" \/>\n<script type=\"application\/ld+json\" class=\"yoast-schema-graph\">{\"@context\":\"https:\/\/schema.org\",\"@graph\":[{\"@type\":\"WebPage\",\"@id\":\"https:\/\/www.soflow.com\/de\/produkt\/soflow-flowpad-x\/\",\"url\":\"https:\/\/www.soflow.com\/de\/produkt\/soflow-flowpad-x\/\",\"name\":\"SoFlow Flowpad X - SoFlow\",\"isPartOf\":{\"@id\":\"https:\/\/www.soflow.com\/de\/#website\"},\"primaryImageOfPage\":{\"@id\":\"https:\/\/www.soflow.com\/de\/produkt\/soflow-flowpad-x\/#primaryimage\"},\"image\":{\"@id\":\"https:\/\/www.soflow.com\/de\/produkt\/soflow-flowpad-x\/#primaryimage\"},\"thumbnailUrl\":\"https:\/\/www.soflow.com\/app\/uploads\/blogs\/12\/2022\/07\/FlowpadX_Side_01-1.png\",\"datePublished\":\"2022-07-27T09:39:52+00:00\",\"dateModified\":\"2023-03-28T10:00:18+00:00\",\"description\":\"Das Flowpad X: Der neue Premium SUV unter den Hoverboards \u2013 nur wendiger.\",\"breadcrumb\":{\"@id\":\"https:\/\/www.soflow.com\/de\/produkt\/soflow-flowpad-x\/#breadcrumb\"},\"inLanguage\":\"de-DE\",\"potentialAction\":[{\"@type\":\"ReadAction\",\"target\":[\"https:\/\/www.soflow.com\/de\/produkt\/soflow-flowpad-x\/\"]}]},{\"@type\":\"ImageObject\",\"inLanguage\":\"de-DE\",\"@id\":\"https:\/\/www.soflow.com\/de\/produkt\/soflow-flowpad-x\/#primaryimage\",\"url\":\"https:\/\/www.soflow.com\/app\/uploads\/blogs\/12\/2022\/07\/FlowpadX_Side_01-1.png\",\"contentUrl\":\"https:\/\/www.soflow.com\/app\/uploads\/blogs\/12\/2022\/07\/FlowpadX_Side_01-1.png\",\"width\":892,\"height\":1024},{\"@type\":\"BreadcrumbList\",\"@id\":\"https:\/\/www.soflow.com\/de\/produkt\/soflow-flowpad-x\/#breadcrumb\",\"itemListElement\":[{\"@type\":\"ListItem\",\"position\":1,\"name\":\"Home\",\"item\":\"https:\/\/www.soflow.com\/de\/\"},{\"@type\":\"ListItem\",\"position\":2,\"name\":\"Shop\",\"item\":\"https:\/\/www.soflow.com\/de\/store\/\"},{\"@type\":\"ListItem\",\"position\":3,\"name\":\"SoFlow Flowpad X\"}]},{\"@type\":\"WebSite\",\"@id\":\"https:\/\/www.soflow.com\/de\/#website\",\"url\":\"https:\/\/www.soflow.com\/de\/\",\"name\":\"SoFlow\",\"description\":\"SoFlow \u2013 E-Scooters, Boards and Bikes\",\"potentialAction\":[{\"@type\":\"SearchAction\",\"target\":{\"@type\":\"EntryPoint\",\"urlTemplate\":\"https:\/\/www.soflow.com\/de\/?s={search_term_string}\"},\"query-input\":{\"@type\":\"PropertyValueSpecification\",\"valueRequired\":true,\"valueName\":\"search_term_string\"}}],\"inLanguage\":\"de-DE\"}]}<\/script>\n<!-- \/ Yoast SEO plugin. -->","yoast_head_json":{"title":"SoFlow Flowpad X - SoFlow","description":"Das Flowpad X: Der neue Premium SUV unter den Hoverboards \u2013 nur wendiger.","robots":{"index":"index","follow":"follow","max-snippet":"max-snippet:-1","max-image-preview":"max-image-preview:large","max-video-preview":"max-video-preview:-1"},"canonical":"https:\/\/www.soflow.com\/de\/produkt\/soflow-flowpad-x\/","og_locale":"de_DE","og_type":"article","og_title":"SoFlow Flowpad X - SoFlow","og_description":"Das Flowpad X: Der neue Premium SUV unter den Hoverboards \u2013 nur wendiger.","og_url":"https:\/\/www.soflow.com\/de\/produkt\/soflow-flowpad-x\/","og_site_name":"SoFlow","article_modified_time":"2023-03-28T10:00:18+00:00","og_image":[{"width":892,"height":1024,"url":"https:\/\/i1.wp.com\/www.soflow.com\/app\/uploads\/blogs\/12\/2022\/07\/FlowpadX_Side_01-1.png?fit=892%2C1024&ssl=1","type":"image\/png"}],"twitter_card":"summary_large_image","twitter_misc":{"Est. reading time":"1 minute"},"schema":{"@context":"https:\/\/schema.org","@graph":[{"@type":"WebPage","@id":"https:\/\/www.soflow.com\/de\/produkt\/soflow-flowpad-x\/","url":"https:\/\/www.soflow.com\/de\/produkt\/soflow-flowpad-x\/","name":"SoFlow Flowpad X - SoFlow","isPartOf":{"@id":"https:\/\/www.soflow.com\/de\/#website"},"primaryImageOfPage":{"@id":"https:\/\/www.soflow.com\/de\/produkt\/soflow-flowpad-x\/#primaryimage"},"image":{"@id":"https:\/\/www.soflow.com\/de\/produkt\/soflow-flowpad-x\/#primaryimage"},"thumbnailUrl":"https:\/\/www.soflow.com\/app\/uploads\/blogs\/12\/2022\/07\/FlowpadX_Side_01-1.png","datePublished":"2022-07-27T09:39:52+00:00","dateModified":"2023-03-28T10:00:18+00:00","description":"Das Flowpad X: Der neue Premium SUV unter den Hoverboards \u2013 nur wendiger.","breadcrumb":{"@id":"https:\/\/www.soflow.com\/de\/produkt\/soflow-flowpad-x\/#breadcrumb"},"inLanguage":"de-DE","potentialAction":[{"@type":"ReadAction","target":["https:\/\/www.soflow.com\/de\/produkt\/soflow-flowpad-x\/"]}]},{"@type":"ImageObject","inLanguage":"de-DE","@id":"https:\/\/www.soflow.com\/de\/produkt\/soflow-flowpad-x\/#primaryimage","url":"https:\/\/www.soflow.com\/app\/uploads\/blogs\/12\/2022\/07\/FlowpadX_Side_01-1.png","contentUrl":"https:\/\/www.soflow.com\/app\/uploads\/blogs\/12\/2022\/07\/FlowpadX_Side_01-1.png","width":892,"height":1024},{"@type":"BreadcrumbList","@id":"https:\/\/www.soflow.com\/de\/produkt\/soflow-flowpad-x\/#breadcrumb","itemListElement":[{"@type":"ListItem","position":1,"name":"Home","item":"https:\/\/www.soflow.com\/de\/"},{"@type":"ListItem","position":2,"name":"Shop","item":"https:\/\/www.soflow.com\/de\/store\/"},{"@type":"ListItem","position":3,"name":"SoFlow Flowpad X"}]},{"@type":"WebSite","@id":"https:\/\/www.soflow.com\/de\/#website","url":"https:\/\/www.soflow.com\/de\/","name":"SoFlow","description":"SoFlow \u2013 E-Scooters, Boards and Bikes","potentialAction":[{"@type":"SearchAction","target":{"@type":"EntryPoint","urlTemplate":"https:\/\/www.soflow.com\/de\/?s={search_term_string}"},"query-input":{"@type":"PropertyValueSpecification","valueRequired":true,"valueName":"search_term_string"}}],"inLanguage":"de-DE"}]}},"_links":{"self":[{"href":"https:\/\/www.soflow.com\/de\/wp-json\/wp\/v2\/product\/42545"}],"collection":[{"href":"https:\/\/www.soflow.com\/de\/wp-json\/wp\/v2\/product"}],"about":[{"href":"https:\/\/www.soflow.com\/de\/wp-json\/wp\/v2\/types\/product"}],"wp:featuredmedia":[{"embeddable":true,"href":"https:\/\/www.soflow.com\/de\/wp-json\/wp\/v2\/media\/42572"}],"wp:attachment":[{"href":"https:\/\/www.soflow.com\/de\/wp-json\/wp\/v2\/media?parent=42545"}],"wp:term":[{"taxonomy":"product_cat","embeddable":true,"href":"https:\/\/www.soflow.com\/de\/wp-json\/wp\/v2\/product_cat?post=42545"},{"taxonomy":"product_tag","embeddable":true,"href":"https:\/\/www.soflow.com\/de\/wp-json\/wp\/v2\/product_tag?post=42545"}],"curies":[{"name":"wp","href":"https:\/\/api.w.org\/{rel}","templated":true}]}}