{"id":49362,"date":"2023-01-10T11:05:50","date_gmt":"2023-01-10T10:05:50","guid":{"rendered":"https:\/\/www.soflow.com\/de\/?post_type=product&#038;p=49362"},"modified":"2026-01-02T10:01:46","modified_gmt":"2026-01-02T09:01:46","slug":"soflow-so2-air-max","status":"publish","type":"product","link":"https:\/\/www.soflow.com\/de\/produkt\/soflow-so2-air-max\/","title":{"rendered":"SoFlow SO2 AIR MAX"},"content":{"rendered":"<p>Entdecke den ultimativen E-Scooter f\u00fcr unvergleichliche Freiheit und Mobilit\u00e4t &#8211; der SO2 AIR MAX! Mit seiner beeindruckenden Reichweite von bis zu 80 Kilometern setzt er neue Massst\u00e4be f\u00fcr elektrische Fortbewegungsmittel. Egal, ob du den t\u00e4glichen Pendelverkehr bew\u00e4ltigen oder auf Abenteuerreise gehen m\u00f6chtest, dieser E-Scooter wird dich \u00fcberall hin begleiten.<\/p>\n<p>Ein Meister der Leichtigkeit: Mit einem Gewicht von nur 17.8 Kilo ist der SO2 AIR MAX ein Leichtgewicht in seiner Klasse. Dank seines kompakten und faltbaren Designs l\u00e4sst er sich m\u00fchelos transportieren und verstauen.<\/p>\n<p>Modernste Technologie in deiner Hand: Der integrierte NFC-Tag erm\u00f6glicht eine nahtlose Verbindung zwischen deinem Smartphone und dem Scooter. Starte dein Abenteuer in Sekundenschnelle, indem du einfach dein Telefon an den Scooter h\u00e4lst. Diese innovative Funktion vereinfacht nicht nur den Startvorgang, sondern bietet auch eine zus\u00e4tzliche Sicherheitsebene. Dank \u2018Over the Air\u2019 Updates ist dein Scooter als auch deine SoFlow App immer auf dem neusten Stand.<\/p>\n<p>Fahren in Komfort, Stil und Sicherheit: Die 10 Zoll Reflective Tires mit einem 10 Millimeter Reflektor-Streifen direkt auf dem Luftreifen sorgen f\u00fcr ein reibungsloses, stabiles und sicheres Fahrerlebnis, selbst auf unebenen Strassen. Erlebe maximalen Komfort und minimale Ersch\u00fctterungen w\u00e4hrend deiner Fahrt. Dar\u00fcber hinaus verleiht das elegante Design des E-Scooters einen Hauch von Stil und Raffinesse.<\/p>\n","protected":false},"excerpt":{"rendered":"<p>Entdecke den ultimativen E-Scooter f\u00fcr unvergleichliche Freiheit und Mobilit\u00e4t &#8211; der SO2 AIR MAX! Mit seiner beeindruckenden Reichweite von bis zu 80 Kilometern setzt er neue Massst\u00e4be f\u00fcr elektrische Fortbewegungsmittel. Egal, ob du den t\u00e4glichen Pendelverkehr bew\u00e4ltigen oder auf Abenteuerreise gehen m\u00f6chtest, dieser E-Scooter wird dich \u00fcberall hin begleiten. Ein Meister der Leichtigkeit: Mit einem [&hellip;]<\/p>\n","protected":false},"featured_media":67511,"template":"","meta":{"_acf_changed":false,"content-type":"","inline_featured_image":false,"spay_email":""},"product_cat":[16],"product_tag":[],"class_list":{"0":"post-49362","1":"product","2":"type-product","3":"status-publish","4":"has-post-thumbnail","6":"product_cat-e-scooter","8":"first","9":"instock","10":"taxable","11":"shipping-taxable","12":"purchasable","13":"product-type-simple"},"acf":[],"yoast_head":"<!-- This site is optimized with the Yoast SEO plugin v23.8 - https:\/\/yoast.com\/wordpress\/plugins\/seo\/ -->\n<title>SoFlow SO2 AIR MAX - SoFlow<\/title>\n<meta name=\"description\" content=\"Der SO2 Air in der zweiten Generation ist mit einem grossen Footboard ausgestattet, welches in Kombination mit den 10 Zoll Luftreifen ein bequemes Fahren garantiert.\" \/>\n<meta name=\"robots\" content=\"index, follow, max-snippet:-1, max-image-preview:large, max-video-preview:-1\" \/>\n<link rel=\"canonical\" href=\"https:\/\/www.soflow.com\/de\/produkt\/soflow-so2-air-max\/\" \/>\n<meta property=\"og:locale\" content=\"de_DE\" \/>\n<meta property=\"og:type\" content=\"article\" \/>\n<meta property=\"og:title\" content=\"SoFlow SO2 AIR MAX - SoFlow\" \/>\n<meta property=\"og:description\" content=\"Der SO2 Air in der zweiten Generation ist mit einem grossen Footboard ausgestattet, welches in Kombination mit den 10 Zoll Luftreifen ein bequemes Fahren garantiert.\" \/>\n<meta property=\"og:url\" content=\"https:\/\/www.soflow.com\/de\/produkt\/soflow-so2-air-max\/\" \/>\n<meta property=\"og:site_name\" content=\"SoFlow\" \/>\n<meta property=\"article:modified_time\" content=\"2026-01-02T09:01:46+00:00\" \/>\n<meta property=\"og:image\" content=\"https:\/\/www.soflow.com\/app\/uploads\/blogs\/12\/2023\/01\/escooter3-scaled.jpg\" \/>\n\t<meta property=\"og:image:width\" content=\"2092\" \/>\n\t<meta property=\"og:image:height\" content=\"2560\" \/>\n\t<meta property=\"og:image:type\" content=\"image\/jpeg\" \/>\n<meta name=\"twitter:card\" content=\"summary_large_image\" \/>\n<meta name=\"twitter:label1\" content=\"Est. reading time\" \/>\n\t<meta name=\"twitter:data1\" content=\"2 minutes\" \/>\n<script type=\"application\/ld+json\" class=\"yoast-schema-graph\">{\"@context\":\"https:\/\/schema.org\",\"@graph\":[{\"@type\":\"WebPage\",\"@id\":\"https:\/\/www.soflow.com\/de\/produkt\/soflow-so2-air-max\/\",\"url\":\"https:\/\/www.soflow.com\/de\/produkt\/soflow-so2-air-max\/\",\"name\":\"SoFlow SO2 AIR MAX - SoFlow\",\"isPartOf\":{\"@id\":\"https:\/\/www.soflow.com\/de\/#website\"},\"primaryImageOfPage\":{\"@id\":\"https:\/\/www.soflow.com\/de\/produkt\/soflow-so2-air-max\/#primaryimage\"},\"image\":{\"@id\":\"https:\/\/www.soflow.com\/de\/produkt\/soflow-so2-air-max\/#primaryimage\"},\"thumbnailUrl\":\"https:\/\/www.soflow.com\/app\/uploads\/blogs\/12\/2023\/01\/escooter3-scaled.jpg\",\"datePublished\":\"2023-01-10T10:05:50+00:00\",\"dateModified\":\"2026-01-02T09:01:46+00:00\",\"description\":\"Der SO2 Air in der zweiten Generation ist mit einem grossen Footboard ausgestattet, welches in Kombination mit den 10 Zoll Luftreifen ein bequemes Fahren garantiert.\",\"breadcrumb\":{\"@id\":\"https:\/\/www.soflow.com\/de\/produkt\/soflow-so2-air-max\/#breadcrumb\"},\"inLanguage\":\"de-DE\",\"potentialAction\":[{\"@type\":\"ReadAction\",\"target\":[\"https:\/\/www.soflow.com\/de\/produkt\/soflow-so2-air-max\/\"]}]},{\"@type\":\"ImageObject\",\"inLanguage\":\"de-DE\",\"@id\":\"https:\/\/www.soflow.com\/de\/produkt\/soflow-so2-air-max\/#primaryimage\",\"url\":\"https:\/\/www.soflow.com\/app\/uploads\/blogs\/12\/2023\/01\/escooter3-scaled.jpg\",\"contentUrl\":\"https:\/\/www.soflow.com\/app\/uploads\/blogs\/12\/2023\/01\/escooter3-scaled.jpg\",\"width\":2092,\"height\":2560},{\"@type\":\"BreadcrumbList\",\"@id\":\"https:\/\/www.soflow.com\/de\/produkt\/soflow-so2-air-max\/#breadcrumb\",\"itemListElement\":[{\"@type\":\"ListItem\",\"position\":1,\"name\":\"Home\",\"item\":\"https:\/\/www.soflow.com\/de\/\"},{\"@type\":\"ListItem\",\"position\":2,\"name\":\"Shop\",\"item\":\"https:\/\/www.soflow.com\/de\/store\/\"},{\"@type\":\"ListItem\",\"position\":3,\"name\":\"SoFlow SO2 AIR MAX\"}]},{\"@type\":\"WebSite\",\"@id\":\"https:\/\/www.soflow.com\/de\/#website\",\"url\":\"https:\/\/www.soflow.com\/de\/\",\"name\":\"SoFlow\",\"description\":\"SoFlow \u2013 E-Scooters, Boards and Bikes\",\"potentialAction\":[{\"@type\":\"SearchAction\",\"target\":{\"@type\":\"EntryPoint\",\"urlTemplate\":\"https:\/\/www.soflow.com\/de\/?s={search_term_string}\"},\"query-input\":{\"@type\":\"PropertyValueSpecification\",\"valueRequired\":true,\"valueName\":\"search_term_string\"}}],\"inLanguage\":\"de-DE\"}]}<\/script>\n<!-- \/ Yoast SEO plugin. -->","yoast_head_json":{"title":"SoFlow SO2 AIR MAX - SoFlow","description":"Der SO2 Air in der zweiten Generation ist mit einem grossen Footboard ausgestattet, welches in Kombination mit den 10 Zoll Luftreifen ein bequemes Fahren garantiert.","robots":{"index":"index","follow":"follow","max-snippet":"max-snippet:-1","max-image-preview":"max-image-preview:large","max-video-preview":"max-video-preview:-1"},"canonical":"https:\/\/www.soflow.com\/de\/produkt\/soflow-so2-air-max\/","og_locale":"de_DE","og_type":"article","og_title":"SoFlow SO2 AIR MAX - SoFlow","og_description":"Der SO2 Air in der zweiten Generation ist mit einem grossen Footboard ausgestattet, welches in Kombination mit den 10 Zoll Luftreifen ein bequemes Fahren garantiert.","og_url":"https:\/\/www.soflow.com\/de\/produkt\/soflow-so2-air-max\/","og_site_name":"SoFlow","article_modified_time":"2026-01-02T09:01:46+00:00","og_image":[{"width":2092,"height":2560,"url":"https:\/\/www.soflow.com\/app\/uploads\/blogs\/12\/2023\/01\/escooter3-scaled.jpg","type":"image\/jpeg"}],"twitter_card":"summary_large_image","twitter_misc":{"Est. reading time":"2 minutes"},"schema":{"@context":"https:\/\/schema.org","@graph":[{"@type":"WebPage","@id":"https:\/\/www.soflow.com\/de\/produkt\/soflow-so2-air-max\/","url":"https:\/\/www.soflow.com\/de\/produkt\/soflow-so2-air-max\/","name":"SoFlow SO2 AIR MAX - SoFlow","isPartOf":{"@id":"https:\/\/www.soflow.com\/de\/#website"},"primaryImageOfPage":{"@id":"https:\/\/www.soflow.com\/de\/produkt\/soflow-so2-air-max\/#primaryimage"},"image":{"@id":"https:\/\/www.soflow.com\/de\/produkt\/soflow-so2-air-max\/#primaryimage"},"thumbnailUrl":"https:\/\/www.soflow.com\/app\/uploads\/blogs\/12\/2023\/01\/escooter3-scaled.jpg","datePublished":"2023-01-10T10:05:50+00:00","dateModified":"2026-01-02T09:01:46+00:00","description":"Der SO2 Air in der zweiten Generation ist mit einem grossen Footboard ausgestattet, welches in Kombination mit den 10 Zoll Luftreifen ein bequemes Fahren garantiert.","breadcrumb":{"@id":"https:\/\/www.soflow.com\/de\/produkt\/soflow-so2-air-max\/#breadcrumb"},"inLanguage":"de-DE","potentialAction":[{"@type":"ReadAction","target":["https:\/\/www.soflow.com\/de\/produkt\/soflow-so2-air-max\/"]}]},{"@type":"ImageObject","inLanguage":"de-DE","@id":"https:\/\/www.soflow.com\/de\/produkt\/soflow-so2-air-max\/#primaryimage","url":"https:\/\/www.soflow.com\/app\/uploads\/blogs\/12\/2023\/01\/escooter3-scaled.jpg","contentUrl":"https:\/\/www.soflow.com\/app\/uploads\/blogs\/12\/2023\/01\/escooter3-scaled.jpg","width":2092,"height":2560},{"@type":"BreadcrumbList","@id":"https:\/\/www.soflow.com\/de\/produkt\/soflow-so2-air-max\/#breadcrumb","itemListElement":[{"@type":"ListItem","position":1,"name":"Home","item":"https:\/\/www.soflow.com\/de\/"},{"@type":"ListItem","position":2,"name":"Shop","item":"https:\/\/www.soflow.com\/de\/store\/"},{"@type":"ListItem","position":3,"name":"SoFlow SO2 AIR MAX"}]},{"@type":"WebSite","@id":"https:\/\/www.soflow.com\/de\/#website","url":"https:\/\/www.soflow.com\/de\/","name":"SoFlow","description":"SoFlow \u2013 E-Scooters, Boards and Bikes","potentialAction":[{"@type":"SearchAction","target":{"@type":"EntryPoint","urlTemplate":"https:\/\/www.soflow.com\/de\/?s={search_term_string}"},"query-input":{"@type":"PropertyValueSpecification","valueRequired":true,"valueName":"search_term_string"}}],"inLanguage":"de-DE"}]}},"_links":{"self":[{"href":"https:\/\/www.soflow.com\/de\/wp-json\/wp\/v2\/product\/49362"}],"collection":[{"href":"https:\/\/www.soflow.com\/de\/wp-json\/wp\/v2\/product"}],"about":[{"href":"https:\/\/www.soflow.com\/de\/wp-json\/wp\/v2\/types\/product"}],"wp:featuredmedia":[{"embeddable":true,"href":"https:\/\/www.soflow.com\/de\/wp-json\/wp\/v2\/media\/67511"}],"wp:attachment":[{"href":"https:\/\/www.soflow.com\/de\/wp-json\/wp\/v2\/media?parent=49362"}],"wp:term":[{"taxonomy":"product_cat","embeddable":true,"href":"https:\/\/www.soflow.com\/de\/wp-json\/wp\/v2\/product_cat?post=49362"},{"taxonomy":"product_tag","embeddable":true,"href":"https:\/\/www.soflow.com\/de\/wp-json\/wp\/v2\/product_tag?post=49362"}],"curies":[{"name":"wp","href":"https:\/\/api.w.org\/{rel}","templated":true}]}}