{"id":59642,"date":"2023-08-18T15:15:31","date_gmt":"2023-08-18T13:15:31","guid":{"rendered":"https:\/\/www.soflow.com\/de\/?post_type=product&#038;p=59642"},"modified":"2026-02-24T13:14:06","modified_gmt":"2026-02-24T12:14:06","slug":"scoot-n-bag-big","status":"publish","type":"product","link":"https:\/\/www.soflow.com\/de\/produkt\/scoot-n-bag-big\/","title":{"rendered":"SCOOT &#8216;N&#8217; BAG BIG"},"content":{"rendered":"<p>Verstaue deinen SoFlow E-Scooter in der robusten Tasche!<\/p>\n<p>Unsere SoFlow Taschen, erh\u00e4ltlich in verschiedenen Gr\u00f6ssen, wurden speziell entwickelt, um deinen E-Scooter sicher und stilvoll zu verstauen. Ob du einen kompakten City-Flitzer oder ein leistungsstarkes Modell besitzt, unsere schwarze SoFlow Tasche bietet dir die perfekte Passform und Schutz, den dein Scooter verdient.<\/p>\n<p>Mit erstklassigen Materialien gefertigt, gew\u00e4hrleistet unsere Tasche nicht nur eine robuste Aufbewahrungsoption, sondern sorgt auch daf\u00fcr, dass dein E-Scooter vor den Elementen gesch\u00fctzt ist. Die verst\u00e4rkten Tragegriffe bieten zus\u00e4tzliche Sicherheit und Komfort beim Transport.<\/p>\n<p>Egal, ob du deinen E-Scooter in den \u00f6ffentlichen Verkehrsmitteln mitnehmen oder ihn im Kofferraum deines Autos verstauen m\u00f6chtest \u2013 unsere SoFlow Tasche macht den gesamten Prozess m\u00fchelos und unkompliziert. Mach Schluss mit m\u00fchsamen Transporten und unsch\u00f6nen Kratzern auf deinem Scooter!<br \/>\n<strong>&#8211; kompatibel mit: SO ONE-, SO4-, SO2- Serie und SO myTIER<br \/>\n&#8211; nicht kompatibel mit: SO4 PRO Serie<br \/>\n<\/strong><\/p>\n","protected":false},"excerpt":{"rendered":"<p>Verstaue deinen SoFlow E-Scooter in der robusten Tasche! Unsere SoFlow Taschen, erh\u00e4ltlich in verschiedenen Gr\u00f6ssen, wurden speziell entwickelt, um deinen E-Scooter sicher und stilvoll zu verstauen. Ob du einen kompakten City-Flitzer oder ein leistungsstarkes Modell besitzt, unsere schwarze SoFlow Tasche bietet dir die perfekte Passform und Schutz, den dein Scooter verdient. Mit erstklassigen Materialien gefertigt, [&hellip;]<\/p>\n","protected":false},"featured_media":59635,"template":"","meta":{"_acf_changed":false,"content-type":"","inline_featured_image":false,"spay_email":""},"product_cat":[15],"product_tag":[],"class_list":{"0":"post-59642","1":"product","2":"type-product","3":"status-publish","4":"has-post-thumbnail","6":"product_cat-zubehoer","8":"first","9":"instock","10":"taxable","11":"shipping-taxable","12":"purchasable","13":"product-type-simple"},"acf":[],"yoast_head":"<!-- This site is optimized with the Yoast SEO plugin v23.8 - https:\/\/yoast.com\/wordpress\/plugins\/seo\/ -->\n<title>SCOOT &#039;N&#039; BAG BIG - SoFlow<\/title>\n<meta name=\"robots\" content=\"index, follow, max-snippet:-1, max-image-preview:large, max-video-preview:-1\" \/>\n<link rel=\"canonical\" href=\"https:\/\/www.soflow.com\/de\/produkt\/scoot-n-bag-big\/\" \/>\n<meta property=\"og:locale\" content=\"de_DE\" \/>\n<meta property=\"og:type\" content=\"article\" \/>\n<meta property=\"og:title\" content=\"SCOOT &#039;N&#039; BAG BIG - SoFlow\" \/>\n<meta property=\"og:description\" content=\"Verstaue deinen SoFlow E-Scooter in der robusten Tasche! Unsere SoFlow Taschen, erh\u00e4ltlich in verschiedenen Gr\u00f6ssen, wurden speziell entwickelt, um deinen E-Scooter sicher und stilvoll zu verstauen. Ob du einen kompakten City-Flitzer oder ein leistungsstarkes Modell besitzt, unsere schwarze SoFlow Tasche bietet dir die perfekte Passform und Schutz, den dein Scooter verdient. Mit erstklassigen Materialien gefertigt, [&hellip;]\" \/>\n<meta property=\"og:url\" content=\"https:\/\/www.soflow.com\/de\/produkt\/scoot-n-bag-big\/\" \/>\n<meta property=\"og:site_name\" content=\"SoFlow\" \/>\n<meta property=\"article:modified_time\" content=\"2026-02-24T12:14:06+00:00\" \/>\n<meta property=\"og:image\" content=\"https:\/\/www.soflow.com\/app\/uploads\/blogs\/12\/2023\/08\/6757-scaled.jpg\" \/>\n\t<meta property=\"og:image:width\" content=\"2560\" \/>\n\t<meta property=\"og:image:height\" content=\"1707\" \/>\n\t<meta property=\"og:image:type\" content=\"image\/jpeg\" \/>\n<meta name=\"twitter:card\" content=\"summary_large_image\" \/>\n<meta name=\"twitter:label1\" content=\"Est. reading time\" \/>\n\t<meta name=\"twitter:data1\" content=\"1 minute\" \/>\n<script type=\"application\/ld+json\" class=\"yoast-schema-graph\">{\"@context\":\"https:\/\/schema.org\",\"@graph\":[{\"@type\":\"WebPage\",\"@id\":\"https:\/\/www.soflow.com\/de\/produkt\/scoot-n-bag-big\/\",\"url\":\"https:\/\/www.soflow.com\/de\/produkt\/scoot-n-bag-big\/\",\"name\":\"SCOOT 'N' BAG BIG - SoFlow\",\"isPartOf\":{\"@id\":\"https:\/\/www.soflow.com\/de\/#website\"},\"primaryImageOfPage\":{\"@id\":\"https:\/\/www.soflow.com\/de\/produkt\/scoot-n-bag-big\/#primaryimage\"},\"image\":{\"@id\":\"https:\/\/www.soflow.com\/de\/produkt\/scoot-n-bag-big\/#primaryimage\"},\"thumbnailUrl\":\"https:\/\/www.soflow.com\/app\/uploads\/blogs\/12\/2023\/08\/6757-scaled.jpg\",\"datePublished\":\"2023-08-18T13:15:31+00:00\",\"dateModified\":\"2026-02-24T12:14:06+00:00\",\"breadcrumb\":{\"@id\":\"https:\/\/www.soflow.com\/de\/produkt\/scoot-n-bag-big\/#breadcrumb\"},\"inLanguage\":\"de-DE\",\"potentialAction\":[{\"@type\":\"ReadAction\",\"target\":[\"https:\/\/www.soflow.com\/de\/produkt\/scoot-n-bag-big\/\"]}]},{\"@type\":\"ImageObject\",\"inLanguage\":\"de-DE\",\"@id\":\"https:\/\/www.soflow.com\/de\/produkt\/scoot-n-bag-big\/#primaryimage\",\"url\":\"https:\/\/www.soflow.com\/app\/uploads\/blogs\/12\/2023\/08\/6757-scaled.jpg\",\"contentUrl\":\"https:\/\/www.soflow.com\/app\/uploads\/blogs\/12\/2023\/08\/6757-scaled.jpg\",\"width\":2560,\"height\":1707},{\"@type\":\"BreadcrumbList\",\"@id\":\"https:\/\/www.soflow.com\/de\/produkt\/scoot-n-bag-big\/#breadcrumb\",\"itemListElement\":[{\"@type\":\"ListItem\",\"position\":1,\"name\":\"Home\",\"item\":\"https:\/\/www.soflow.com\/de\/\"},{\"@type\":\"ListItem\",\"position\":2,\"name\":\"Shop\",\"item\":\"https:\/\/www.soflow.com\/de\/store\/\"},{\"@type\":\"ListItem\",\"position\":3,\"name\":\"SCOOT &#8216;N&#8217; BAG BIG\"}]},{\"@type\":\"WebSite\",\"@id\":\"https:\/\/www.soflow.com\/de\/#website\",\"url\":\"https:\/\/www.soflow.com\/de\/\",\"name\":\"SoFlow\",\"description\":\"SoFlow \u2013 E-Scooters, Boards and Bikes\",\"potentialAction\":[{\"@type\":\"SearchAction\",\"target\":{\"@type\":\"EntryPoint\",\"urlTemplate\":\"https:\/\/www.soflow.com\/de\/?s={search_term_string}\"},\"query-input\":{\"@type\":\"PropertyValueSpecification\",\"valueRequired\":true,\"valueName\":\"search_term_string\"}}],\"inLanguage\":\"de-DE\"}]}<\/script>\n<!-- \/ Yoast SEO plugin. -->","yoast_head_json":{"title":"SCOOT 'N' BAG BIG - SoFlow","robots":{"index":"index","follow":"follow","max-snippet":"max-snippet:-1","max-image-preview":"max-image-preview:large","max-video-preview":"max-video-preview:-1"},"canonical":"https:\/\/www.soflow.com\/de\/produkt\/scoot-n-bag-big\/","og_locale":"de_DE","og_type":"article","og_title":"SCOOT 'N' BAG BIG - SoFlow","og_description":"Verstaue deinen SoFlow E-Scooter in der robusten Tasche! Unsere SoFlow Taschen, erh\u00e4ltlich in verschiedenen Gr\u00f6ssen, wurden speziell entwickelt, um deinen E-Scooter sicher und stilvoll zu verstauen. Ob du einen kompakten City-Flitzer oder ein leistungsstarkes Modell besitzt, unsere schwarze SoFlow Tasche bietet dir die perfekte Passform und Schutz, den dein Scooter verdient. Mit erstklassigen Materialien gefertigt, [&hellip;]","og_url":"https:\/\/www.soflow.com\/de\/produkt\/scoot-n-bag-big\/","og_site_name":"SoFlow","article_modified_time":"2026-02-24T12:14:06+00:00","og_image":[{"width":2560,"height":1707,"url":"https:\/\/www.soflow.com\/app\/uploads\/blogs\/12\/2023\/08\/6757-scaled.jpg","type":"image\/jpeg"}],"twitter_card":"summary_large_image","twitter_misc":{"Est. reading time":"1 minute"},"schema":{"@context":"https:\/\/schema.org","@graph":[{"@type":"WebPage","@id":"https:\/\/www.soflow.com\/de\/produkt\/scoot-n-bag-big\/","url":"https:\/\/www.soflow.com\/de\/produkt\/scoot-n-bag-big\/","name":"SCOOT 'N' BAG BIG - SoFlow","isPartOf":{"@id":"https:\/\/www.soflow.com\/de\/#website"},"primaryImageOfPage":{"@id":"https:\/\/www.soflow.com\/de\/produkt\/scoot-n-bag-big\/#primaryimage"},"image":{"@id":"https:\/\/www.soflow.com\/de\/produkt\/scoot-n-bag-big\/#primaryimage"},"thumbnailUrl":"https:\/\/www.soflow.com\/app\/uploads\/blogs\/12\/2023\/08\/6757-scaled.jpg","datePublished":"2023-08-18T13:15:31+00:00","dateModified":"2026-02-24T12:14:06+00:00","breadcrumb":{"@id":"https:\/\/www.soflow.com\/de\/produkt\/scoot-n-bag-big\/#breadcrumb"},"inLanguage":"de-DE","potentialAction":[{"@type":"ReadAction","target":["https:\/\/www.soflow.com\/de\/produkt\/scoot-n-bag-big\/"]}]},{"@type":"ImageObject","inLanguage":"de-DE","@id":"https:\/\/www.soflow.com\/de\/produkt\/scoot-n-bag-big\/#primaryimage","url":"https:\/\/www.soflow.com\/app\/uploads\/blogs\/12\/2023\/08\/6757-scaled.jpg","contentUrl":"https:\/\/www.soflow.com\/app\/uploads\/blogs\/12\/2023\/08\/6757-scaled.jpg","width":2560,"height":1707},{"@type":"BreadcrumbList","@id":"https:\/\/www.soflow.com\/de\/produkt\/scoot-n-bag-big\/#breadcrumb","itemListElement":[{"@type":"ListItem","position":1,"name":"Home","item":"https:\/\/www.soflow.com\/de\/"},{"@type":"ListItem","position":2,"name":"Shop","item":"https:\/\/www.soflow.com\/de\/store\/"},{"@type":"ListItem","position":3,"name":"SCOOT &#8216;N&#8217; BAG BIG"}]},{"@type":"WebSite","@id":"https:\/\/www.soflow.com\/de\/#website","url":"https:\/\/www.soflow.com\/de\/","name":"SoFlow","description":"SoFlow \u2013 E-Scooters, Boards and Bikes","potentialAction":[{"@type":"SearchAction","target":{"@type":"EntryPoint","urlTemplate":"https:\/\/www.soflow.com\/de\/?s={search_term_string}"},"query-input":{"@type":"PropertyValueSpecification","valueRequired":true,"valueName":"search_term_string"}}],"inLanguage":"de-DE"}]}},"_links":{"self":[{"href":"https:\/\/www.soflow.com\/de\/wp-json\/wp\/v2\/product\/59642"}],"collection":[{"href":"https:\/\/www.soflow.com\/de\/wp-json\/wp\/v2\/product"}],"about":[{"href":"https:\/\/www.soflow.com\/de\/wp-json\/wp\/v2\/types\/product"}],"wp:featuredmedia":[{"embeddable":true,"href":"https:\/\/www.soflow.com\/de\/wp-json\/wp\/v2\/media\/59635"}],"wp:attachment":[{"href":"https:\/\/www.soflow.com\/de\/wp-json\/wp\/v2\/media?parent=59642"}],"wp:term":[{"taxonomy":"product_cat","embeddable":true,"href":"https:\/\/www.soflow.com\/de\/wp-json\/wp\/v2\/product_cat?post=59642"},{"taxonomy":"product_tag","embeddable":true,"href":"https:\/\/www.soflow.com\/de\/wp-json\/wp\/v2\/product_tag?post=59642"}],"curies":[{"name":"wp","href":"https:\/\/api.w.org\/{rel}","templated":true}]}}