{"id":63470,"date":"2023-11-29T16:30:34","date_gmt":"2023-11-29T15:30:34","guid":{"rendered":"https:\/\/www.soflow.com\/de\/?post_type=product&#038;p=63470"},"modified":"2025-12-18T14:13:46","modified_gmt":"2025-12-18T13:13:46","slug":"smart-helm-safe-n-drive","status":"publish","type":"product","link":"https:\/\/www.soflow.com\/de\/produkt\/smart-helm-safe-n-drive\/","title":{"rendered":"Smart Helm &#8211; SAFE N DRIVE"},"content":{"rendered":"<p>Der SoFlow Helm ist dein Begleiter f\u00fcr sicheres Fahren \u2013 nicht nur mit dem Scooter!<\/p>\n<p>Steige ein in die Zukunft der E-Scooter-Nutzung mit unserem bahnbrechenden Helm, der nicht nur deinen Kopf sch\u00fctzt, sondern auch dein Fahrerlebnis auf ein v\u00f6llig neues Level hebt. Mit integrierten Blinkern und Bremslichtern ist dieser Helm die perfekte Kombination aus Sicherheit und Stil.<\/p>\n<p>Deine Sicherheit ist unsere oberste Priorit\u00e4t, und der Helm wurde entwickelt, um dir ein unvergleichliches Gef\u00fchl der Sicherheit zu bieten. Die eingebauten LED-Blinker an der R\u00fcckseite des Helms sorgen daf\u00fcr, dass du dich im Verkehr stets bemerkbar machst. Dies sorgt f\u00fcr mehr Sicherheit, denn du hast immer beide H\u00e4nde fest am Lenker, ohne dass du mit der Hand deinen Richtungswechsel signalisieren musst.<\/p>\n<p>Die mitgelieferte Fernbedienung kann m\u00fchelos am Lenker befestigt werden. Du klickst auf der Fernbedienung nach links oder nach rechts und der Helm blinkt hinten in deine gew\u00fcnschte Fahrtrichtung.<\/p>\n<p>Mit dem Safe\u2019n\u2019Drive Helm von SoFlow f\u00e4hrst du stilvoll mit maximaler Sicherheit und du beh\u00e4ltst die Kontrolle \u00fcber deine Fahrsignale.<\/p>\n","protected":false},"excerpt":{"rendered":"<p>Der SoFlow Helm ist dein Begleiter f\u00fcr sicheres Fahren \u2013 nicht nur mit dem Scooter! Steige ein in die Zukunft der E-Scooter-Nutzung mit unserem bahnbrechenden Helm, der nicht nur deinen Kopf sch\u00fctzt, sondern auch dein Fahrerlebnis auf ein v\u00f6llig neues Level hebt. Mit integrierten Blinkern und Bremslichtern ist dieser Helm die perfekte Kombination aus Sicherheit [&hellip;]<\/p>\n","protected":false},"featured_media":63477,"template":"","meta":{"_acf_changed":false,"content-type":"","inline_featured_image":false,"spay_email":""},"product_cat":[15],"product_tag":[],"class_list":{"0":"post-63470","1":"product","2":"type-product","3":"status-publish","4":"has-post-thumbnail","6":"product_cat-zubehoer","8":"first","9":"instock","10":"taxable","11":"shipping-taxable","12":"purchasable","13":"product-type-simple"},"acf":[],"yoast_head":"<!-- This site is optimized with the Yoast SEO plugin v23.8 - https:\/\/yoast.com\/wordpress\/plugins\/seo\/ -->\n<title>Smart Helm - SAFE N DRIVE - SoFlow<\/title>\n<meta name=\"robots\" content=\"index, follow, max-snippet:-1, max-image-preview:large, max-video-preview:-1\" \/>\n<link rel=\"canonical\" href=\"https:\/\/www.soflow.com\/de\/produkt\/smart-helm-safe-n-drive\/\" \/>\n<meta property=\"og:locale\" content=\"de_DE\" \/>\n<meta property=\"og:type\" content=\"article\" \/>\n<meta property=\"og:title\" content=\"Smart Helm - SAFE N DRIVE - SoFlow\" \/>\n<meta property=\"og:description\" content=\"Der SoFlow Helm ist dein Begleiter f\u00fcr sicheres Fahren \u2013 nicht nur mit dem Scooter! Steige ein in die Zukunft der E-Scooter-Nutzung mit unserem bahnbrechenden Helm, der nicht nur deinen Kopf sch\u00fctzt, sondern auch dein Fahrerlebnis auf ein v\u00f6llig neues Level hebt. Mit integrierten Blinkern und Bremslichtern ist dieser Helm die perfekte Kombination aus Sicherheit [&hellip;]\" \/>\n<meta property=\"og:url\" content=\"https:\/\/www.soflow.com\/de\/produkt\/smart-helm-safe-n-drive\/\" \/>\n<meta property=\"og:site_name\" content=\"SoFlow\" \/>\n<meta property=\"article:modified_time\" content=\"2025-12-18T13:13:46+00:00\" \/>\n<meta property=\"og:image\" content=\"https:\/\/www.soflow.com\/app\/uploads\/blogs\/12\/2023\/11\/6568-scaled.jpg\" \/>\n\t<meta property=\"og:image:width\" content=\"2560\" \/>\n\t<meta property=\"og:image:height\" content=\"1707\" \/>\n\t<meta property=\"og:image:type\" content=\"image\/jpeg\" \/>\n<meta name=\"twitter:card\" content=\"summary_large_image\" \/>\n<meta name=\"twitter:label1\" content=\"Est. reading time\" \/>\n\t<meta name=\"twitter:data1\" content=\"2 minutes\" \/>\n<script type=\"application\/ld+json\" class=\"yoast-schema-graph\">{\"@context\":\"https:\/\/schema.org\",\"@graph\":[{\"@type\":\"WebPage\",\"@id\":\"https:\/\/www.soflow.com\/de\/produkt\/smart-helm-safe-n-drive\/\",\"url\":\"https:\/\/www.soflow.com\/de\/produkt\/smart-helm-safe-n-drive\/\",\"name\":\"Smart Helm - SAFE N DRIVE - SoFlow\",\"isPartOf\":{\"@id\":\"https:\/\/www.soflow.com\/de\/#website\"},\"primaryImageOfPage\":{\"@id\":\"https:\/\/www.soflow.com\/de\/produkt\/smart-helm-safe-n-drive\/#primaryimage\"},\"image\":{\"@id\":\"https:\/\/www.soflow.com\/de\/produkt\/smart-helm-safe-n-drive\/#primaryimage\"},\"thumbnailUrl\":\"https:\/\/www.soflow.com\/app\/uploads\/blogs\/12\/2023\/11\/6568-scaled.jpg\",\"datePublished\":\"2023-11-29T15:30:34+00:00\",\"dateModified\":\"2025-12-18T13:13:46+00:00\",\"breadcrumb\":{\"@id\":\"https:\/\/www.soflow.com\/de\/produkt\/smart-helm-safe-n-drive\/#breadcrumb\"},\"inLanguage\":\"de-DE\",\"potentialAction\":[{\"@type\":\"ReadAction\",\"target\":[\"https:\/\/www.soflow.com\/de\/produkt\/smart-helm-safe-n-drive\/\"]}]},{\"@type\":\"ImageObject\",\"inLanguage\":\"de-DE\",\"@id\":\"https:\/\/www.soflow.com\/de\/produkt\/smart-helm-safe-n-drive\/#primaryimage\",\"url\":\"https:\/\/www.soflow.com\/app\/uploads\/blogs\/12\/2023\/11\/6568-scaled.jpg\",\"contentUrl\":\"https:\/\/www.soflow.com\/app\/uploads\/blogs\/12\/2023\/11\/6568-scaled.jpg\",\"width\":2560,\"height\":1707},{\"@type\":\"BreadcrumbList\",\"@id\":\"https:\/\/www.soflow.com\/de\/produkt\/smart-helm-safe-n-drive\/#breadcrumb\",\"itemListElement\":[{\"@type\":\"ListItem\",\"position\":1,\"name\":\"Home\",\"item\":\"https:\/\/www.soflow.com\/de\/\"},{\"@type\":\"ListItem\",\"position\":2,\"name\":\"Shop\",\"item\":\"https:\/\/www.soflow.com\/de\/store\/\"},{\"@type\":\"ListItem\",\"position\":3,\"name\":\"Smart Helm &#8211; SAFE N DRIVE\"}]},{\"@type\":\"WebSite\",\"@id\":\"https:\/\/www.soflow.com\/de\/#website\",\"url\":\"https:\/\/www.soflow.com\/de\/\",\"name\":\"SoFlow\",\"description\":\"SoFlow \u2013 E-Scooters, Boards and Bikes\",\"potentialAction\":[{\"@type\":\"SearchAction\",\"target\":{\"@type\":\"EntryPoint\",\"urlTemplate\":\"https:\/\/www.soflow.com\/de\/?s={search_term_string}\"},\"query-input\":{\"@type\":\"PropertyValueSpecification\",\"valueRequired\":true,\"valueName\":\"search_term_string\"}}],\"inLanguage\":\"de-DE\"}]}<\/script>\n<!-- \/ Yoast SEO plugin. -->","yoast_head_json":{"title":"Smart Helm - SAFE N DRIVE - SoFlow","robots":{"index":"index","follow":"follow","max-snippet":"max-snippet:-1","max-image-preview":"max-image-preview:large","max-video-preview":"max-video-preview:-1"},"canonical":"https:\/\/www.soflow.com\/de\/produkt\/smart-helm-safe-n-drive\/","og_locale":"de_DE","og_type":"article","og_title":"Smart Helm - SAFE N DRIVE - SoFlow","og_description":"Der SoFlow Helm ist dein Begleiter f\u00fcr sicheres Fahren \u2013 nicht nur mit dem Scooter! Steige ein in die Zukunft der E-Scooter-Nutzung mit unserem bahnbrechenden Helm, der nicht nur deinen Kopf sch\u00fctzt, sondern auch dein Fahrerlebnis auf ein v\u00f6llig neues Level hebt. Mit integrierten Blinkern und Bremslichtern ist dieser Helm die perfekte Kombination aus Sicherheit [&hellip;]","og_url":"https:\/\/www.soflow.com\/de\/produkt\/smart-helm-safe-n-drive\/","og_site_name":"SoFlow","article_modified_time":"2025-12-18T13:13:46+00:00","og_image":[{"width":2560,"height":1707,"url":"https:\/\/www.soflow.com\/app\/uploads\/blogs\/12\/2023\/11\/6568-scaled.jpg","type":"image\/jpeg"}],"twitter_card":"summary_large_image","twitter_misc":{"Est. reading time":"2 minutes"},"schema":{"@context":"https:\/\/schema.org","@graph":[{"@type":"WebPage","@id":"https:\/\/www.soflow.com\/de\/produkt\/smart-helm-safe-n-drive\/","url":"https:\/\/www.soflow.com\/de\/produkt\/smart-helm-safe-n-drive\/","name":"Smart Helm - SAFE N DRIVE - SoFlow","isPartOf":{"@id":"https:\/\/www.soflow.com\/de\/#website"},"primaryImageOfPage":{"@id":"https:\/\/www.soflow.com\/de\/produkt\/smart-helm-safe-n-drive\/#primaryimage"},"image":{"@id":"https:\/\/www.soflow.com\/de\/produkt\/smart-helm-safe-n-drive\/#primaryimage"},"thumbnailUrl":"https:\/\/www.soflow.com\/app\/uploads\/blogs\/12\/2023\/11\/6568-scaled.jpg","datePublished":"2023-11-29T15:30:34+00:00","dateModified":"2025-12-18T13:13:46+00:00","breadcrumb":{"@id":"https:\/\/www.soflow.com\/de\/produkt\/smart-helm-safe-n-drive\/#breadcrumb"},"inLanguage":"de-DE","potentialAction":[{"@type":"ReadAction","target":["https:\/\/www.soflow.com\/de\/produkt\/smart-helm-safe-n-drive\/"]}]},{"@type":"ImageObject","inLanguage":"de-DE","@id":"https:\/\/www.soflow.com\/de\/produkt\/smart-helm-safe-n-drive\/#primaryimage","url":"https:\/\/www.soflow.com\/app\/uploads\/blogs\/12\/2023\/11\/6568-scaled.jpg","contentUrl":"https:\/\/www.soflow.com\/app\/uploads\/blogs\/12\/2023\/11\/6568-scaled.jpg","width":2560,"height":1707},{"@type":"BreadcrumbList","@id":"https:\/\/www.soflow.com\/de\/produkt\/smart-helm-safe-n-drive\/#breadcrumb","itemListElement":[{"@type":"ListItem","position":1,"name":"Home","item":"https:\/\/www.soflow.com\/de\/"},{"@type":"ListItem","position":2,"name":"Shop","item":"https:\/\/www.soflow.com\/de\/store\/"},{"@type":"ListItem","position":3,"name":"Smart Helm &#8211; SAFE N DRIVE"}]},{"@type":"WebSite","@id":"https:\/\/www.soflow.com\/de\/#website","url":"https:\/\/www.soflow.com\/de\/","name":"SoFlow","description":"SoFlow \u2013 E-Scooters, Boards and Bikes","potentialAction":[{"@type":"SearchAction","target":{"@type":"EntryPoint","urlTemplate":"https:\/\/www.soflow.com\/de\/?s={search_term_string}"},"query-input":{"@type":"PropertyValueSpecification","valueRequired":true,"valueName":"search_term_string"}}],"inLanguage":"de-DE"}]}},"_links":{"self":[{"href":"https:\/\/www.soflow.com\/de\/wp-json\/wp\/v2\/product\/63470"}],"collection":[{"href":"https:\/\/www.soflow.com\/de\/wp-json\/wp\/v2\/product"}],"about":[{"href":"https:\/\/www.soflow.com\/de\/wp-json\/wp\/v2\/types\/product"}],"wp:featuredmedia":[{"embeddable":true,"href":"https:\/\/www.soflow.com\/de\/wp-json\/wp\/v2\/media\/63477"}],"wp:attachment":[{"href":"https:\/\/www.soflow.com\/de\/wp-json\/wp\/v2\/media?parent=63470"}],"wp:term":[{"taxonomy":"product_cat","embeddable":true,"href":"https:\/\/www.soflow.com\/de\/wp-json\/wp\/v2\/product_cat?post=63470"},{"taxonomy":"product_tag","embeddable":true,"href":"https:\/\/www.soflow.com\/de\/wp-json\/wp\/v2\/product_tag?post=63470"}],"curies":[{"name":"wp","href":"https:\/\/api.w.org\/{rel}","templated":true}]}}